{"id":578,"date":"2022-12-08T21:13:21","date_gmt":"2022-12-08T20:13:21","guid":{"rendered":"http:\/\/lesvoyageursenthousiastes.eu\/?page_id=578"},"modified":"2023-12-12T15:33:24","modified_gmt":"2023-12-12T14:33:24","slug":"les-voyageurs-enthousiastes","status":"publish","type":"page","link":"https:\/\/lesvoyageursenthousiastes.eu\/index.php\/les-voyageurs-enthousiastes\/","title":{"rendered":"Les voyageurs enthousiastes"},"content":{"rendered":"\n<p><\/p>\n\n\n\n<p><\/p>\n\n\n\n<p class=\"has-text-align-center\">Vous \u00eates bien sur le site d&rsquo;Elisabeth et Claude.<\/p>\n\n\n\n<p class=\"has-text-align-center\">A partir du menu de gauche vous pourrez naviguer (chaussures de randonn\u00e9es pas n\u00e9cessaires) sur notre site ou acc\u00e9der directement \u00e0 nos r\u00e9cits de p\u00e8lerinage en cliquant sur le bouton ci-dessous.<\/p>\n\n\n\n<div class=\"wp-block-buttons is-layout-flex wp-block-buttons-is-layout-flex\">\n<div class=\"wp-block-button aligncenter is-style-outline\"><a class=\"wp-block-button__link\" href=\"http:\/\/lesvoyageursenthousiastes.eu\/index.php\/nos-chemins-de-pelerinage\/\"><strong>Nos chemins<\/strong><\/a><\/div>\n<\/div>\n\n\n\n<div class=\"wp-block-buttons is-layout-flex wp-block-buttons-is-layout-flex\"><\/div>\n\n\n\n<p><\/p>\n\n\n\n<p><\/p>\n\n\n\n<p><\/p>\n\n\n\n<p><\/p>\n\n\n\n<p><\/p>\n\n\n\n<p class=\"has-medium-pink-color has-text-color has-small-font-size\">\u00ab&nbsp;Une fois qu\u2019une chose est d\u00e9cid\u00e9e, il faut la r\u00e9aliser, se mettre en route sans tra\u00eener.&nbsp;\u00bb<em>Th\u00e9odore Monod \u2013 Terre et ciel<\/em><\/p>\n\n\n\n<p><\/p>\n\n\n\n<p class=\"has-medium-pink-color has-text-color has-small-font-size\">\u00ab\u00a0Quand on ne veut qu&rsquo;arriver, on peut courir en chaise de poste. Mais quand on veut voyager, il faut aller \u00e0 pied. \u00ab\u00a0<em>Jean Jacques Rousseau &#8211; Emile<\/em><\/p>\n\n\n\n<p><\/p>\n","protected":false},"excerpt":{"rendered":"<p>Vous \u00eates bien sur le site d&rsquo;Elisabeth et Claude. A partir du menu de gauche vous pourrez naviguer (chaussures de randonn\u00e9es pas n\u00e9cessaires) sur notre site ou acc\u00e9der directement \u00e0 nos r\u00e9cits de p\u00e8lerinage en cliquant sur le bouton ci-dessous. \u00ab&nbsp;Une fois qu\u2019une chose est d\u00e9cid\u00e9e, il faut la r\u00e9aliser, se mettre en route sans &hellip; <a href=\"https:\/\/lesvoyageursenthousiastes.eu\/index.php\/les-voyageurs-enthousiastes\/\" class=\"more-link\">Continuer la lecture de <span class=\"screen-reader-text\">Les voyageurs enthousiastes<\/span><\/a><\/p>\n","protected":false},"author":1,"featured_media":710,"parent":0,"menu_order":0,"comment_status":"closed","ping_status":"closed","template":"","meta":{"footnotes":""},"_links":{"self":[{"href":"https:\/\/lesvoyageursenthousiastes.eu\/index.php\/wp-json\/wp\/v2\/pages\/578"}],"collection":[{"href":"https:\/\/lesvoyageursenthousiastes.eu\/index.php\/wp-json\/wp\/v2\/pages"}],"about":[{"href":"https:\/\/lesvoyageursenthousiastes.eu\/index.php\/wp-json\/wp\/v2\/types\/page"}],"author":[{"embeddable":true,"href":"https:\/\/lesvoyageursenthousiastes.eu\/index.php\/wp-json\/wp\/v2\/users\/1"}],"replies":[{"embeddable":true,"href":"https:\/\/lesvoyageursenthousiastes.eu\/index.php\/wp-json\/wp\/v2\/comments?post=578"}],"version-history":[{"count":12,"href":"https:\/\/lesvoyageursenthousiastes.eu\/index.php\/wp-json\/wp\/v2\/pages\/578\/revisions"}],"predecessor-version":[{"id":678,"href":"https:\/\/lesvoyageursenthousiastes.eu\/index.php\/wp-json\/wp\/v2\/pages\/578\/revisions\/678"}],"wp:featuredmedia":[{"embeddable":true,"href":"https:\/\/lesvoyageursenthousiastes.eu\/index.php\/wp-json\/wp\/v2\/media\/710"}],"wp:attachment":[{"href":"https:\/\/lesvoyageursenthousiastes.eu\/index.php\/wp-json\/wp\/v2\/media?parent=578"}],"curies":[{"name":"wp","href":"https:\/\/api.w.org\/{rel}","templated":true}]}}