{"id":271,"date":"2018-09-25T21:15:25","date_gmt":"2018-09-25T19:15:25","guid":{"rendered":"http:\/\/lesvoyageursenthousiastes.eu\/?page_id=271"},"modified":"2022-04-24T15:19:20","modified_gmt":"2022-04-24T13:19:20","slug":"des-fourmis-dans-les-jambes","status":"publish","type":"page","link":"https:\/\/lesvoyageursenthousiastes.eu\/index.php\/des-fourmis-dans-les-jambes\/","title":{"rendered":"Des fourmis dans les jambes"},"content":{"rendered":"<p>Apr\u00e8s une escapade (septembre 2018) au Mont Saint Michel, et l&rsquo;ach\u00e8vement de la Via Sancti Martini au printemps 2019 (de Szombathely \u00e0 Candes Saint Martin), il reste dans nos r\u00eaves de marche :<\/p>\n<ul>\n<li>la mont\u00e9e \u00e0 J\u00e9rusalem de Capharna\u00fcm \u00e0 J\u00e9rusalem, dans le cadre d&rsquo;un projet intitul\u00e9 : \u00ab\u00a0Pierre, de son berceau \u00e0 son tombeau\u00a0\u00bb suivie de la via francigena del Sud &#8211; de Otrente \u00e0 Rome en passant par le Monte San&rsquo;Angelo.<\/li>\n<\/ul>\n<ul>\n<li>la voie de Compostelle au d\u00e9part de V\u00e9zelay (2)&nbsp;<\/li>\n<\/ul>\n<ul>\n<li>le chemin de l&rsquo;ange entre Pavie et Neuvy Saint Sepulchre (nous aurons ainsi relier les deux Monts Saint Michel) (3)<\/li>\n<\/ul>\n<ul>\n<li>et s&rsquo;il nous reste de l&rsquo;\u00e9nergie la voie de Tr\u00e8ves sur les pas de saint Martin(4)<\/li>\n<\/ul>\n\n\n<figure class=\"wp-block-image size-large\"><img loading=\"lazy\" decoding=\"async\" width=\"1024\" height=\"993\" src=\"http:\/\/lesvoyageursenthousiastes.eu\/wp-content\/uploads\/2021\/09\/carte-de-france-actualisee-1024x993.jpg\" alt=\"\" class=\"wp-image-531\" srcset=\"https:\/\/lesvoyageursenthousiastes.eu\/wp-content\/uploads\/2021\/09\/carte-de-france-actualisee-1024x993.jpg 1024w, https:\/\/lesvoyageursenthousiastes.eu\/wp-content\/uploads\/2021\/09\/carte-de-france-actualisee-300x291.jpg 300w, https:\/\/lesvoyageursenthousiastes.eu\/wp-content\/uploads\/2021\/09\/carte-de-france-actualisee-768x745.jpg 768w, https:\/\/lesvoyageursenthousiastes.eu\/wp-content\/uploads\/2021\/09\/carte-de-france-actualisee-1536x1490.jpg 1536w, https:\/\/lesvoyageursenthousiastes.eu\/wp-content\/uploads\/2021\/09\/carte-de-france-actualisee.jpg 2000w\" sizes=\"(max-width: 1024px) 100vw, 1024px\" \/><\/figure>\n","protected":false},"excerpt":{"rendered":"<p>Apr\u00e8s une escapade (septembre 2018) au Mont Saint Michel, et l&rsquo;ach\u00e8vement de la Via Sancti Martini au printemps 2019 (de Szombathely \u00e0 Candes Saint Martin), il reste dans nos r\u00eaves de marche : la mont\u00e9e \u00e0 J\u00e9rusalem de Capharna\u00fcm \u00e0 J\u00e9rusalem, dans le cadre d&rsquo;un projet intitul\u00e9 : \u00ab\u00a0Pierre, de son berceau \u00e0 son tombeau\u00a0\u00bb &hellip; <a href=\"https:\/\/lesvoyageursenthousiastes.eu\/index.php\/des-fourmis-dans-les-jambes\/\" class=\"more-link\">Continuer la lecture de <span class=\"screen-reader-text\">Des fourmis dans les jambes<\/span><\/a><\/p>\n","protected":false},"author":1,"featured_media":0,"parent":0,"menu_order":0,"comment_status":"closed","ping_status":"closed","template":"","meta":{"footnotes":""},"_links":{"self":[{"href":"https:\/\/lesvoyageursenthousiastes.eu\/index.php\/wp-json\/wp\/v2\/pages\/271"}],"collection":[{"href":"https:\/\/lesvoyageursenthousiastes.eu\/index.php\/wp-json\/wp\/v2\/pages"}],"about":[{"href":"https:\/\/lesvoyageursenthousiastes.eu\/index.php\/wp-json\/wp\/v2\/types\/page"}],"author":[{"embeddable":true,"href":"https:\/\/lesvoyageursenthousiastes.eu\/index.php\/wp-json\/wp\/v2\/users\/1"}],"replies":[{"embeddable":true,"href":"https:\/\/lesvoyageursenthousiastes.eu\/index.php\/wp-json\/wp\/v2\/comments?post=271"}],"version-history":[{"count":16,"href":"https:\/\/lesvoyageursenthousiastes.eu\/index.php\/wp-json\/wp\/v2\/pages\/271\/revisions"}],"predecessor-version":[{"id":541,"href":"https:\/\/lesvoyageursenthousiastes.eu\/index.php\/wp-json\/wp\/v2\/pages\/271\/revisions\/541"}],"wp:attachment":[{"href":"https:\/\/lesvoyageursenthousiastes.eu\/index.php\/wp-json\/wp\/v2\/media?parent=271"}],"curies":[{"name":"wp","href":"https:\/\/api.w.org\/{rel}","templated":true}]}}