{"id":238,"date":"2018-08-25T21:41:36","date_gmt":"2018-08-25T19:41:36","guid":{"rendered":"http:\/\/lesvoyageursenthousiastes.eu\/?page_id=238"},"modified":"2022-06-12T15:33:34","modified_gmt":"2022-06-12T13:33:34","slug":"notre-bibliotheque-pelerine","status":"publish","type":"page","link":"https:\/\/lesvoyageursenthousiastes.eu\/index.php\/notre-bibliotheque-pelerine\/","title":{"rendered":"Notre biblioth\u00e8que \u00ab\u00a0p\u00e8lerine\u00a0\u00bb"},"content":{"rendered":"<p>Nous avons cherch\u00e9 \u00e0 comprendre, sur chacun de nos chemins, le pourquoi de celui-ci &#8211; histoire &#8211; traditions &#8211; t\u00e9moignages.<\/p>\n<p>Voici le r\u00e9sultat dans notre biblioth\u00e8que. Nous avons bien s\u00fbr emprunt\u00e9 d&rsquo;autres ouvrages dans les biblioth\u00e8ques publiques. Il serait trop long de tout citer.<\/p>\n<p style=\"text-align: center;\"><\/p>\n\n\n<div class=\"wp-block-file\"><a id=\"wp-block-file--media-f73118f0-904d-4197-91c5-9830a9b99ea5\" href=\"http:\/\/lesvoyageursenthousiastes.eu\/wp-content\/uploads\/2019\/08\/lectures.pdf\">Nos lectures<\/a><\/div>\n\n\n\n<p><\/p>\n","protected":false},"excerpt":{"rendered":"<p>Nous avons cherch\u00e9 \u00e0 comprendre, sur chacun de nos chemins, le pourquoi de celui-ci &#8211; histoire &#8211; traditions &#8211; t\u00e9moignages. Voici le r\u00e9sultat dans notre biblioth\u00e8que. Nous avons bien s\u00fbr emprunt\u00e9 d&rsquo;autres ouvrages dans les biblioth\u00e8ques publiques. Il serait trop long de tout citer.<\/p>\n","protected":false},"author":1,"featured_media":287,"parent":0,"menu_order":0,"comment_status":"closed","ping_status":"closed","template":"","meta":{"footnotes":""},"_links":{"self":[{"href":"https:\/\/lesvoyageursenthousiastes.eu\/index.php\/wp-json\/wp\/v2\/pages\/238"}],"collection":[{"href":"https:\/\/lesvoyageursenthousiastes.eu\/index.php\/wp-json\/wp\/v2\/pages"}],"about":[{"href":"https:\/\/lesvoyageursenthousiastes.eu\/index.php\/wp-json\/wp\/v2\/types\/page"}],"author":[{"embeddable":true,"href":"https:\/\/lesvoyageursenthousiastes.eu\/index.php\/wp-json\/wp\/v2\/users\/1"}],"replies":[{"embeddable":true,"href":"https:\/\/lesvoyageursenthousiastes.eu\/index.php\/wp-json\/wp\/v2\/comments?post=238"}],"version-history":[{"count":10,"href":"https:\/\/lesvoyageursenthousiastes.eu\/index.php\/wp-json\/wp\/v2\/pages\/238\/revisions"}],"predecessor-version":[{"id":559,"href":"https:\/\/lesvoyageursenthousiastes.eu\/index.php\/wp-json\/wp\/v2\/pages\/238\/revisions\/559"}],"wp:featuredmedia":[{"embeddable":true,"href":"https:\/\/lesvoyageursenthousiastes.eu\/index.php\/wp-json\/wp\/v2\/media\/287"}],"wp:attachment":[{"href":"https:\/\/lesvoyageursenthousiastes.eu\/index.php\/wp-json\/wp\/v2\/media?parent=238"}],"curies":[{"name":"wp","href":"https:\/\/api.w.org\/{rel}","templated":true}]}}