{"id":22,"date":"2018-08-14T20:20:35","date_gmt":"2018-08-14T18:20:35","guid":{"rendered":"http:\/\/lesvoyageursenthousiastes.eu\/?page_id=22"},"modified":"2020-07-15T10:54:22","modified_gmt":"2020-07-15T08:54:22","slug":"contact","status":"publish","type":"page","link":"https:\/\/lesvoyageursenthousiastes.eu\/index.php\/contact\/","title":{"rendered":"Contact"},"content":{"rendered":"<p style=\"text-align: left;\">Si vous souhaitez nous contacter, vous pouvez nous envoyer un message \u00e9lectronique \u00e0 l&rsquo;adresse suivante:<\/p>\n<p>voyageurs(chez)laposte.net<\/p>\n<p>ou<\/p>\n<p style=\"text-align: center;\"><span style=\"color: #800000;\"><a style=\"color: #800000;\" href=\"mailto:claude@lesvoyageursenthousiastes.eu\">claude@lesvoyageursenthousiastes.eu<\/a><\/span><\/p>\n<div id=\"topline\" role=\"banner\" aria-labelledby=\"aria-label-topnav\"><\/div>\n<p>Nous vous r\u00e9pondrons dans les meilleurs d\u00e9lais (pour autant que nous ne soyons pas sur les chemins)<\/p>\n","protected":false},"excerpt":{"rendered":"<p>Si vous souhaitez nous contacter, vous pouvez nous envoyer un message \u00e9lectronique \u00e0 l&rsquo;adresse suivante: voyageurs(chez)laposte.net ou claude@lesvoyageursenthousiastes.eu Nous vous r\u00e9pondrons dans les meilleurs d\u00e9lais (pour autant que nous ne soyons pas sur les chemins)<\/p>\n","protected":false},"author":1,"featured_media":293,"parent":0,"menu_order":0,"comment_status":"closed","ping_status":"closed","template":"","meta":{"footnotes":""},"_links":{"self":[{"href":"https:\/\/lesvoyageursenthousiastes.eu\/index.php\/wp-json\/wp\/v2\/pages\/22"}],"collection":[{"href":"https:\/\/lesvoyageursenthousiastes.eu\/index.php\/wp-json\/wp\/v2\/pages"}],"about":[{"href":"https:\/\/lesvoyageursenthousiastes.eu\/index.php\/wp-json\/wp\/v2\/types\/page"}],"author":[{"embeddable":true,"href":"https:\/\/lesvoyageursenthousiastes.eu\/index.php\/wp-json\/wp\/v2\/users\/1"}],"replies":[{"embeddable":true,"href":"https:\/\/lesvoyageursenthousiastes.eu\/index.php\/wp-json\/wp\/v2\/comments?post=22"}],"version-history":[{"count":11,"href":"https:\/\/lesvoyageursenthousiastes.eu\/index.php\/wp-json\/wp\/v2\/pages\/22\/revisions"}],"predecessor-version":[{"id":394,"href":"https:\/\/lesvoyageursenthousiastes.eu\/index.php\/wp-json\/wp\/v2\/pages\/22\/revisions\/394"}],"wp:featuredmedia":[{"embeddable":true,"href":"https:\/\/lesvoyageursenthousiastes.eu\/index.php\/wp-json\/wp\/v2\/media\/293"}],"wp:attachment":[{"href":"https:\/\/lesvoyageursenthousiastes.eu\/index.php\/wp-json\/wp\/v2\/media?parent=22"}],"curies":[{"name":"wp","href":"https:\/\/api.w.org\/{rel}","templated":true}]}}