{"id":119,"date":"2018-08-16T14:40:12","date_gmt":"2018-08-16T12:40:12","guid":{"rendered":"http:\/\/lesvoyageursenthousiastes.eu\/?page_id=119"},"modified":"2024-04-25T20:38:26","modified_gmt":"2024-04-25T18:38:26","slug":"le-chemin-de-saint-martin","status":"publish","type":"page","link":"https:\/\/lesvoyageursenthousiastes.eu\/index.php\/nos-chemins-de-pelerinage\/le-chemin-de-saint-martin\/","title":{"rendered":"Le chemin de Saint Martin"},"content":{"rendered":"<p>Il nous a paru int\u00e9ressant d&rsquo;imaginer Martin, celui qui deviendra le saint le plus populaire d&rsquo;Europe, cheminant depuis son lieu de naissance, \u00e0 savoir Savaria en Hongrie, vers Poitiers via Pavie sur les routes romaines de son \u00e9poque, c&rsquo;est \u00e0 dire le IV \u00e8me si\u00e8cle. Cela donne un parcours qui n&rsquo;a pas grand chose \u00e0 voir avec la \u00ab\u00a0promotion\u00a0\u00bb tr\u00e8s politiquement et commercialement orchestr\u00e9e par les associations ad hoc. Mais, c&rsquo;est une tr\u00e8s bonne exp\u00e9rience.<\/p>\n<figure id=\"attachment_42\" aria-describedby=\"caption-attachment-42\" style=\"width: 146px\" class=\"wp-caption aligncenter\"><a href=\"https:\/\/sites.google.com\/site\/surlespasdesaintmartin\/\"><img loading=\"lazy\" decoding=\"async\" class=\"size-full wp-image-42\" src=\"http:\/\/lesvoyageursenthousiastes.eu\/wp-content\/uploads\/2018\/08\/P\u00e8lerin.jpg\" alt=\"\" width=\"146\" height=\"172\" \/><\/a><figcaption id=\"caption-attachment-42\" class=\"wp-caption-text\"><br \/><span style=\"color: #800000;\"><a style=\"color: #800000;\" href=\"https:\/\/sites.google.com\/site\/surlespasdesaintmartin\/\">Via Sancti Martini<\/a><\/span><\/figcaption><\/figure>\n\n\n<p>Puis, arriv\u00e9s \u00e0 Candes Saint Martin, nous avons d\u00e9cid\u00e9 de le suivre sur son parcours qui l&rsquo;a conduit plusieurs fois \u00e0 Tr\u00e8ves.<\/p>\n\n\n\n<p class=\"has-text-align-center\"><strong><a href=\"https:\/\/sites.google.com\/view\/de-treves-a-tours\/accueil\">Pour nous suivre<\/a><\/strong> sur ce nouveau trajet<\/p>\n","protected":false},"excerpt":{"rendered":"<p>Il nous a paru int\u00e9ressant d&rsquo;imaginer Martin, celui qui deviendra le saint le plus populaire d&rsquo;Europe, cheminant depuis son lieu de naissance, \u00e0 savoir Savaria en Hongrie, vers Poitiers via Pavie sur les routes romaines de son \u00e9poque, c&rsquo;est \u00e0 dire le IV \u00e8me si\u00e8cle. Cela donne un parcours qui n&rsquo;a pas grand chose \u00e0 &hellip; <a href=\"https:\/\/lesvoyageursenthousiastes.eu\/index.php\/nos-chemins-de-pelerinage\/le-chemin-de-saint-martin\/\" class=\"more-link\">Continuer la lecture de <span class=\"screen-reader-text\">Le chemin de Saint Martin<\/span><\/a><\/p>\n","protected":false},"author":1,"featured_media":255,"parent":169,"menu_order":3,"comment_status":"closed","ping_status":"closed","template":"","meta":{"footnotes":""},"_links":{"self":[{"href":"https:\/\/lesvoyageursenthousiastes.eu\/index.php\/wp-json\/wp\/v2\/pages\/119"}],"collection":[{"href":"https:\/\/lesvoyageursenthousiastes.eu\/index.php\/wp-json\/wp\/v2\/pages"}],"about":[{"href":"https:\/\/lesvoyageursenthousiastes.eu\/index.php\/wp-json\/wp\/v2\/types\/page"}],"author":[{"embeddable":true,"href":"https:\/\/lesvoyageursenthousiastes.eu\/index.php\/wp-json\/wp\/v2\/users\/1"}],"replies":[{"embeddable":true,"href":"https:\/\/lesvoyageursenthousiastes.eu\/index.php\/wp-json\/wp\/v2\/comments?post=119"}],"version-history":[{"count":11,"href":"https:\/\/lesvoyageursenthousiastes.eu\/index.php\/wp-json\/wp\/v2\/pages\/119\/revisions"}],"predecessor-version":[{"id":723,"href":"https:\/\/lesvoyageursenthousiastes.eu\/index.php\/wp-json\/wp\/v2\/pages\/119\/revisions\/723"}],"up":[{"embeddable":true,"href":"https:\/\/lesvoyageursenthousiastes.eu\/index.php\/wp-json\/wp\/v2\/pages\/169"}],"wp:featuredmedia":[{"embeddable":true,"href":"https:\/\/lesvoyageursenthousiastes.eu\/index.php\/wp-json\/wp\/v2\/media\/255"}],"wp:attachment":[{"href":"https:\/\/lesvoyageursenthousiastes.eu\/index.php\/wp-json\/wp\/v2\/media?parent=119"}],"curies":[{"name":"wp","href":"https:\/\/api.w.org\/{rel}","templated":true}]}}