{"id":108,"date":"2018-08-16T14:10:32","date_gmt":"2018-08-16T12:10:32","guid":{"rendered":"http:\/\/lesvoyageursenthousiastes.eu\/?page_id=108"},"modified":"2024-11-12T20:53:05","modified_gmt":"2024-11-12T19:53:05","slug":"le-voyage-a-rome","status":"publish","type":"page","link":"https:\/\/lesvoyageursenthousiastes.eu\/index.php\/nos-chemins-de-pelerinage\/le-voyage-a-rome\/","title":{"rendered":"Le voyage \u00e0 Rome"},"content":{"rendered":"<p>De 2007 \u00e0 2009, nous avons parcouru la Via Francigena, de Laon (Aisne) \u00e0 Rome, via la Suisse et le Col du Grand Saint Bernard.<\/p>\n<p>Magnifique parcours beaucoup moins fr\u00e9quent\u00e9 que le chemin de Compostelle mais \u00e9galement tr\u00e8s beau.<\/p>\n<figure id=\"attachment_42\" aria-describedby=\"caption-attachment-42\" style=\"width: 146px\" class=\"wp-caption aligncenter\"><img loading=\"lazy\" decoding=\"async\" class=\"size-full wp-image-42\" src=\"http:\/\/lesvoyageursenthousiastes.eu\/wp-content\/uploads\/2018\/08\/P\u00e8lerin.jpg\" alt=\"\" width=\"146\" height=\"172\"><figcaption id=\"caption-attachment-42\" class=\"wp-caption-text\"><span style=\"color: #800000;\"><a style=\"color: #800000;\" href=\"https:\/\/sites.google.com\/site\/versrome\/\">Via francigena<\/a><\/span><\/figcaption><\/figure>\n<p>Pour retrouver notre cheminement, cliquez sur la l\u00e9gende ci-dessus<\/p>\n\n\n<figure class=\"wp-block-video\"><\/figure>\n\n\n\n<p>Puis, en 2023, il nous a paru logique et passionnant de suivre les pas de Sig\u00e9ric, car son r\u00e9cit est celui de son retour en Angleterre, de Laon \u00e0 Canterbury. (voir lien ci-dessous)<\/p>\n\n\n\n<p class=\"has-text-align-center has-dark-brown-color has-text-color has-medium-font-size\"><a href=\"https:\/\/sites.google.com\/view\/via-francigena\/accueil\">Via Francigena Nord<\/a><\/p>\n","protected":false},"excerpt":{"rendered":"<p>De 2007 \u00e0 2009, nous avons parcouru la Via Francigena, de Laon (Aisne) \u00e0 Rome, via la Suisse et le Col du Grand Saint Bernard. Magnifique parcours beaucoup moins fr\u00e9quent\u00e9 que le chemin de Compostelle mais \u00e9galement tr\u00e8s beau. Pour retrouver notre cheminement, cliquez sur la l\u00e9gende ci-dessus Puis, en 2023, il nous a paru &hellip; <a href=\"https:\/\/lesvoyageursenthousiastes.eu\/index.php\/nos-chemins-de-pelerinage\/le-voyage-a-rome\/\" class=\"more-link\">Continuer la lecture de <span class=\"screen-reader-text\">Le voyage \u00e0 Rome<\/span><\/a><\/p>\n","protected":false},"author":1,"featured_media":254,"parent":169,"menu_order":2,"comment_status":"closed","ping_status":"closed","template":"","meta":{"footnotes":""},"_links":{"self":[{"href":"https:\/\/lesvoyageursenthousiastes.eu\/index.php\/wp-json\/wp\/v2\/pages\/108"}],"collection":[{"href":"https:\/\/lesvoyageursenthousiastes.eu\/index.php\/wp-json\/wp\/v2\/pages"}],"about":[{"href":"https:\/\/lesvoyageursenthousiastes.eu\/index.php\/wp-json\/wp\/v2\/types\/page"}],"author":[{"embeddable":true,"href":"https:\/\/lesvoyageursenthousiastes.eu\/index.php\/wp-json\/wp\/v2\/users\/1"}],"replies":[{"embeddable":true,"href":"https:\/\/lesvoyageursenthousiastes.eu\/index.php\/wp-json\/wp\/v2\/comments?post=108"}],"version-history":[{"count":11,"href":"https:\/\/lesvoyageursenthousiastes.eu\/index.php\/wp-json\/wp\/v2\/pages\/108\/revisions"}],"predecessor-version":[{"id":742,"href":"https:\/\/lesvoyageursenthousiastes.eu\/index.php\/wp-json\/wp\/v2\/pages\/108\/revisions\/742"}],"up":[{"embeddable":true,"href":"https:\/\/lesvoyageursenthousiastes.eu\/index.php\/wp-json\/wp\/v2\/pages\/169"}],"wp:featuredmedia":[{"embeddable":true,"href":"https:\/\/lesvoyageursenthousiastes.eu\/index.php\/wp-json\/wp\/v2\/media\/254"}],"wp:attachment":[{"href":"https:\/\/lesvoyageursenthousiastes.eu\/index.php\/wp-json\/wp\/v2\/media?parent=108"}],"curies":[{"name":"wp","href":"https:\/\/api.w.org\/{rel}","templated":true}]}}